{"id":105,"date":"2025-03-06T15:44:08","date_gmt":"2025-03-06T18:44:08","guid":{"rendered":"https:\/\/idric.ic.unicamp.br\/?page_id=105"},"modified":"2025-03-07T16:39:17","modified_gmt":"2025-03-07T19:39:17","slug":"producao","status":"publish","type":"page","link":"https:\/\/idric.ic.unicamp.br\/index.php\/producao\/","title":{"rendered":"Produ\u00e7\u00e3o"},"content":{"rendered":"\n<h2 class=\"wp-block-heading\"><a href=\"https:\/\/idric.ic.unicamp.br\/index.php\/premiacoes\/\">> Premia\u00e7\u00f5es<\/a><\/h2>\n\n\n\n<h2 class=\"wp-block-heading\"><a href=\"https:\/\/idric.ic.unicamp.br\/index.php\/periodicos\/\">> Peri\u00f3dicos<\/a><\/h2>\n\n\n\n<h2 class=\"wp-block-heading\"><a href=\"https:\/\/idric.ic.unicamp.br\/index.php\/conferencias\/\">> Confer\u00eancias<\/a><\/h2>\n\n\n\n<h2 class=\"wp-block-heading\"><a href=\"https:\/\/idric.ic.unicamp.br\/index.php\/orientacoes-e-supervisoes\/\">> Orienta\u00e7\u00f5es e Supervis\u00f5es<\/a><\/h2>\n\n\n\n<p><\/p>\n","protected":false},"excerpt":{"rendered":"<p>> Premia\u00e7\u00f5es > Peri\u00f3dicos > Confer\u00eancias > Orienta\u00e7\u00f5es e Supervis\u00f5es<\/p>\n","protected":false},"author":1,"featured_media":0,"parent":0,"menu_order":0,"comment_status":"closed","ping_status":"closed","template":"","meta":{"_kadence_starter_templates_imported_post":false,"_kad_post_transparent":"","_kad_post_title":"","_kad_post_layout":"","_kad_post_sidebar_id":"","_kad_post_content_style":"","_kad_post_vertical_padding":"","_kad_post_feature":"","_kad_post_feature_position":"","_kad_post_header":false,"_kad_post_footer":false,"footnotes":""},"class_list":["post-105","page","type-page","status-publish","hentry"],"_links":{"self":[{"href":"https:\/\/idric.ic.unicamp.br\/index.php\/wp-json\/wp\/v2\/pages\/105","targetHints":{"allow":["GET"]}}],"collection":[{"href":"https:\/\/idric.ic.unicamp.br\/index.php\/wp-json\/wp\/v2\/pages"}],"about":[{"href":"https:\/\/idric.ic.unicamp.br\/index.php\/wp-json\/wp\/v2\/types\/page"}],"author":[{"embeddable":true,"href":"https:\/\/idric.ic.unicamp.br\/index.php\/wp-json\/wp\/v2\/users\/1"}],"replies":[{"embeddable":true,"href":"https:\/\/idric.ic.unicamp.br\/index.php\/wp-json\/wp\/v2\/comments?post=105"}],"version-history":[{"count":7,"href":"https:\/\/idric.ic.unicamp.br\/index.php\/wp-json\/wp\/v2\/pages\/105\/revisions"}],"predecessor-version":[{"id":153,"href":"https:\/\/idric.ic.unicamp.br\/index.php\/wp-json\/wp\/v2\/pages\/105\/revisions\/153"}],"wp:attachment":[{"href":"https:\/\/idric.ic.unicamp.br\/index.php\/wp-json\/wp\/v2\/media?parent=105"}],"curies":[{"name":"wp","href":"https:\/\/api.w.org\/{rel}","templated":true}]}}