{"id":140,"date":"2025-03-07T15:31:03","date_gmt":"2025-03-07T18:31:03","guid":{"rendered":"https:\/\/idric.ic.unicamp.br\/?page_id=140"},"modified":"2026-04-06T18:05:47","modified_gmt":"2026-04-06T21:05:47","slug":"premiacoes","status":"publish","type":"page","link":"https:\/\/idric.ic.unicamp.br\/index.php\/premiacoes\/","title":{"rendered":"Premia\u00e7\u00f5es"},"content":{"rendered":"\n<h2 class=\"wp-block-heading\">2025<\/h2>\n\n\n\n<h4 class=\"wp-block-heading\">Premia\u00e7\u00e3o de Artigos<\/h4>\n\n\n\n<ul class=\"wp-block-list\">\n<li>Best Paper Award &#8211; 38th IEEE\/IFIP Network Operations and Management Symposium (NOMS 2025). RNA: Automating IDS\/IPS Event Detection Offload into Programmable Forwarding Devices. Lucas Sonntag Hagen, Alexandre da Silveira Ilha, Ricardo Parizotto e Luciano Paschoal Gaspary.<\/li>\n\n\n\n<li>Pr\u00eamio de Melhor Artigo &#8211; XXIX Workshop de Ger\u00eancia e Opera\u00e7\u00e3o de Redes e Servi\u00e7os (WGRS 2024) do SBRC 2024. Enhancing the Handover Algorithm with an Intelligent Approach in the O-RAN Architecture. Kleber Vilhea, Carlos Rocha, Rafael Veiga, Lucas Bastos, Denis Rosario, Eduardo Cerqueira.<\/li>\n\n\n\n<li>Pr\u00eamio de Melhor Artigo &#8211; XXIX Workshop de Ger\u00eancia e Opera\u00e7\u00e3o de Redes e Servi\u00e7os (WGRS 2025) do SBRC 2025. An Intelligent Micro-service Chain Orchestrator for Immersive Media Services under the presence of Server Failure Events. COSTA, Erick; FLEXA, Rodrigo; BRITO, Matheus; SANTOS, Hugo; ASTUDILLO, Carlos; Denis Rosario, Eduardo Cerqueira.<\/li>\n\n\n\n<li>Pr\u00eamio de Melhor Artigo &#8211; IX Workshop de Computa\u00e7\u00e3o Urbana (CoUrb 2025) do SBRC 2025. Melhoria da Segmenta\u00e7\u00e3o de Imagens em Condi\u00e7\u00f5es Adversas no Monitoramento de Infraestrutura Costeira. Pedro V. Rubinstein, Ricardo L. Kauer, Alexandre G. Cardeman,<\/li>\n\n\n\n<li>Marcelo Abelheira, Pedro Cruz, Rodrigo S. Couto e Lu\u00eds H. M. K. Costa.<\/li>\n\n\n\n<li>Best paper award for the paper &#8220;An Intelligent Micro-service Chain Orchestrator for Immersive Media Services under the presence of Server Failure Events&#8221;, WGR. SBC\/SBRC\/WRGS &#8211; 30 Workshop de Ger\u00eancia e Opera\u00e7\u00e3o de Redes e Servi\u00e7os (WGRS), 2025.<\/li>\n\n\n\n<li>Men\u00e7\u00e3o Honrosa pelo artigo &#8220;Fine-Tuning Eficiente de Modelos de Linguagem Para Detectar Anomalias em Logs Privados usando Aprendizado Federado&#8221;;. 43 Simp\u00f3sio Brasileiro de Redes de Computadores e Sistemas Distribu\u00eddos (SBRC 2025)., SBC e LARC, 2025.<\/li>\n\n\n\n<li>Men\u00e7\u00e3o Honrosa para o artigo &#8220;An\u00e1lise da Qualidade de Servi\u00e7o do Sistema P\u00fablico de \u00d4nibus Urbanos atrav\u00e9s de Monitoramento por GPS&#8221;, IX Workshop de Computa\u00e7\u00e3o Urbana do XLIII SBRC. Comit\u00ea de Organiza\u00e7\u00e3o do IX Workshop de Computa\u00e7\u00e3o Urbana (CoUrb 2025), 2025.<\/li>\n\n\n\n<li>Pr\u00eamio de Melhor Artigo do IX Workshop de Computa\u00e7\u00e3o Urbana (CoUrb) do XLIII SBRC para o trabalho &#8220;Melhoria da Segmenta\u00e7\u00e3o de Imagens em Condi\u00e7\u00f5es Adversas no Monitoramento de Infraestrutura Costeira&#8221;. Comit\u00ea de Organiza\u00e7\u00e3o do IX Workshop de Computa\u00e7\u00e3o Urbana (CoUrb 2025), 2025.<\/li>\n\n\n\n<li>Men\u00e7\u00e3o Honrosa pelo artigo &#8220;Fine-Tuning Eficiente de Modelos de Linguagem Para Detectar Anomalias em Logs Privados usando Aprendizado Federado&#8221;, no 43\u00ba Simp\u00f3sio Brasileiro de Redes de Computadores e Sistemas Distribu\u00eddos (SBRC 2025). TALASSO, Gabriel U.; DE SOUZA, Allan M.; GUIDONI, Daniel; CERQUEIRA, Eduardo; VILLAS, Leandro A..<\/li>\n\n\n\n<li>Men\u00e7\u00e3o Honrosa no Pr\u00eamio Google Award do XXV Simp\u00f3sio Brasileiro de Ciberseguran\u00e7a (SBSeg&#8217;25) ao trabalho &#8220;Avalia\u00e7\u00e3o da Privacidade Diferencial Aplicada ao Aprendizado Federado Atrav\u00e9s de Ataques de Invers\u00e3o de Modelo&#8221;, de autoria de Breno Manh\u00e3es, Jo\u00e3o Pedro Moretti Fontes Ferreira, Guilherme Thomaz e Miguel Elias Mitre Campista.<\/li>\n\n\n\n<li>Men\u00e7\u00e3o Honrosa pelo artigo &#8220;An\u00e1lise da Qualidade de Servi\u00e7o do Sistema P\u00fablico de \u00d4nibus Urbanos atrav\u00e9s de Monitoramento por GPS&#8221; publicado no IX Workshop de Computa\u00e7\u00e3o Urbana (CoUrb) do SBRC 2025. Tiago R. Borzino, Fernando D. M. Silva e Lu\u00eds H. M. K. Costa.<\/li>\n\n\n\n<li>Men\u00e7\u00e3o Honrosa na SIAc da UFRJ com o trabalho &#8220;Estrat\u00e9gias de Posicionamento de Pontos de Coleta em Redes de Sensores M\u00f3veis&#8221;, do aluno Enzo Fernandes Vieira. UFRJ, 2025.<\/li>\n\n\n\n<li>Men\u00e7\u00e3o Honrosa na SIAc da UFRJ com o trabalho &#8220;Sistema Inteligente para Monitoramento de Furto de Cabos no Rio de Janeiro&#8221;, do aluno Ricardo Lorente Kauer. UFRJ, 2025.<\/li>\n\n\n\n<li>3o Melhor Artigo do WCAMA 2025 &#8211; &#8220;Comparison of LSTM and SARIMA Models for Air Temperature Forecasting in Bel\u00e9m, Amaz\u00f4nia, Par\u00e1&#8221;. Sociedade Brasileira da Computa\u00e7\u00e3o (SBC), 2025.<\/li>\n\n\n\n<li>Men\u00e7\u00e3o Honrosa no Pr\u00eamio Google Award do XXV Simp\u00f3sio Brasileiro de Ciberseguran\u00e7a (SBSeg25), co-autoria com Breno Manh\u00e3es, Jo\u00e3o Moretti e Guilherme Thomaz. Sociedade Brasileira de Computa\u00e7\u00e3o, 2025.<\/li>\n\n\n\n<li>Men\u00e7\u00e3o honrosa na SIAC 2025, &#8220;Uma Avalia\u00e7\u00e3o do Impacto do Assincronismo no Aprendizado de M\u00e1quina Federado&#8221;, orienta\u00e7\u00e3o da Maria Victoria Fran\u00e7a Silva Ramos. Universidade Federal do Rio de Janeiro (UFRJ), 2025.<\/li>\n\n\n\n<li>Men\u00e7\u00e3o Honrosa da 14\u00aa SIAc (trabalho de Enzo Vieira). Universidade Federal do Rio de Janeiro, 2025.<\/li>\n\n\n\n<li>Best Demo Paper Award para Artigo &#8220;Bringing Programmable Low-End Networks to Life: A Field Study with an Off-the-Shelf Prototype&#8221;, IEEE\/IFIP Network Operations and Management Symposium. IFIP\/IEEE, 2025.<\/li>\n\n\n\n<li>Pr\u00eamio de Melhor Ferramenta do Sal\u00e3o de Ferramentas do XXV Simp\u00f3sio Brasileiro de Ciberseguran\u00e7a (SBSeg25) ao trabalho &#8220;MalDataGen: A Modular Framework for Synthetic Tabular Data Generation in Malware&#8221;. SBC, 2025.<\/li>\n\n\n\n<li>Melhor Artigo &#8220;Dhana: an Economic-Oriented Approach for Traffic Management Using Software-Defined Networking&#8221;, 30th IEEE Symposium on Computers and Communications (ISCC 2025).<\/li>\n<\/ul>\n\n\n\n<h4 class=\"wp-block-heading\">Pr\u00eamios de Tese, Disserta\u00e7\u00e3o e Inicia\u00e7\u00e3o Cient\u00edfica<\/h4>\n\n\n\n<ul class=\"wp-block-list\">\n<li>Melhor Tese do Concurso de Teses e Disserta\u00e7\u00f5es em Seguran\u00e7a da Informa\u00e7\u00e3o e Sistemas Computacionais (CTDSeg): Payment Channel Networks with Resource-constrained Devices, de Gabriel A. F. Rebello, Simp\u00f3sio Brasileiro em Seguran\u00e7a da Informa\u00e7\u00e3o e de Sistemas Computacionais (SBSeg), Orietadores: Amorim, Marcelo Dias de, Costa, Lu\u00eds Henrique Maciel Kosmalski, e Potop-Butucaru, Maria.<\/li>\n\n\n\n<li>Trabalho IC do Renan Morais classificado entre os 10 melhores Trabalhos do Concurso de Trabalhos de Inicia\u00e7\u00e3o Cient\u00edfica (CTIC) da SBC. 45 Congresso da Sociedade Brasileira de Computa\u00e7\u00e3o (CSBC), 2025.<\/li>\n\n\n\n<li>Pr\u00eamio Est\u00e1gio PIBIC de Ver\u00e3o (EPV) para graduandos da Universidade Federal do Par\u00e1 (UFPA) &#8211; Jean Dias (Engenharia da Computa\u00e7\u00e3o). Pr\u00f3-Reitoria de Pesquisa da UFPA., 2025.<\/li>\n\n\n\n<li>Pr\u00eamio Hor\u00e1cio Schneider (PROESP-UFPA), Destaque na Inicia\u00e7\u00e3o Cient\u00edfica &#8211; Williane Gabriele Souza Pereira. Diretoria de Pesquisa &#8211; PROPESP &#8211; UFPA, 2025.<\/li>\n<\/ul>\n\n\n\n<h4 class=\"wp-block-heading\">Demais Pr\u00eamios<\/h4>\n\n\n\n<ul class=\"wp-block-list\">\n<li>Nelson Fonseca &#8211; M\u00e9rito Cient\u00edfico. Sociedade Brasileira de Computa\u00e7\u00e3o, 2025.<\/li>\n\n\n\n<li>Nelson Fonseca &#8211; Elsevier standardized citation indicators of the 100,000 scientists by c-score in all sub-fields or a percentile rank of 2% or above in the sub-field, 2025.<\/li>\n\n\n\n<li>Medalha Amigo da Marinha. Marinha do Brasil, 2025.<\/li>\n\n\n\n<li>Pr\u00eamio COPPE M\u00e9rito Acad\u00eamico Giulio Massarani (Categoria Jovem). COPPE, 2025.<\/li>\n\n\n\n<li>Destaque da Escola Polit\u00e9cnica 2025. Escola Polit\u00e9cnica, Universidade Federal do Rio de Janeiro (UFRJ), 2025.<\/li>\n<\/ul>\n\n\n\n<h1 class=\"wp-block-heading\">2024<\/h1>\n\n\n\n<h4 class=\"wp-block-heading\">Premia\u00e7\u00e3o de Artigos<\/h4>\n\n\n\n<ul class=\"wp-block-list\">\n<li>Best Paper Award &#8211; The 7th IEEE International Workshop on Security, Privacy and Trust in the Internet of Things in Conjunction with IEEE PerCom 2024: \u201cAn Efficient Layer Selection Algorithm for Partial Federated Learning\u201d, IEEE. &#8211; Pesquisador relacionado: Eduardo Coelho Cerqueira, Denis Lima do Ros\u00e1rio<\/li>\n\n\n\n<li>Men\u00e7\u00e3o Honrosa pelo artigo \u201cEmpirical observation of Execution Throttling as MQTT Broker defense against Memory Denial of Service\u201d, no The Latin-American Symposium on Dependable and Secure Computing (LADC). &#8211; Pesquisador relacionado: Eduardo Coelho Cerqueira<\/li>\n\n\n\n<li>Segundo melhor artigo no VIII Workshop de Computa\u00e7\u00e3o Urbana do XLII Simp\u00f3sio Brasileiro de Redes de Computadores e Sistemas Distribu\u00eddos (SBRC) de 2024, SBC. &#8211; Pesquisador relacionado: Leandro Villas<\/li>\n\n\n\n<li>Men\u00e7\u00e3o Honrosa no Workshop de Trabalhos de Inicia\u00e7\u00e3o Cient\u00edfica e de Gradua\u00e7\u00e3o do XLII SBRC, SBC. &#8211; Pesquisador relacionado: Leandro Villas<\/li>\n\n\n\n<li>Melhor Artigo no VIII Workshop de Computa\u00e7\u00e3o Urbana do XLII SBRC, SBC. &#8211; Pesquisador relacionado: Leandro Villas, Allan Mariano de Souza, Joahannes Bruno Dias da Costa<\/li>\n\n\n\n<li>Men\u00e7\u00e3o Honrosa (2\u00ba Melhor Trabalho) no VII Workshop de Trabalhos de Inicia\u00e7\u00e3o Cient\u00edfica e de Gradua\u00e7\u00e3o (WTG) \u2013 SBRC 2024, SBC. &#8211; Pesquisador relacionado: Joahannes Bruno Dias da Costa<\/li>\n\n\n\n<li>Best paper award pelo artigo \u201cEnhancing the Handover Algorithm with an Intelligent Approach in an O-RAN Architecture\u201d, no Workshop de Ger\u00eancia e Opera\u00e7\u00e3o de Redes e Servi\u00e7os (WGRS), 2024. &#8211; Pesquisador relacionado: Denis Lima do Ros\u00e1rio<\/li>\n\n\n\n<li>Men\u00e7\u00e3o Honrosa de Trabalhos Completos no Computer on the Beach 2024. &#8211; Pesquisador relacionado: Marcos Cesar da Rocha Seruffo<\/li>\n\n\n\n<li>1\u00ba Lugar Categoria Melhores Artigos no IX WASHES-SBC, 2024. &#8211; Pesquisador relacionado: Marcos Cesar da Rocha Seruffo<\/li>\n\n\n\n<li>2\u00ba Melhor Artigo Completo da Trilha Multidisciplinar do V Congresso Brasileiro Interdisciplinar em Ci\u00eancia e Tecnologia (COBICET 2024). &#8211; Pesquisador relacionado: Marcos Cesar da Rocha Seruffo<\/li>\n\n\n\n<li>Pr\u00eamio Est\u00e1gio PIBIC de Ver\u00e3o (EPV) para graduandos da UFPA, 2024. &#8211; Pesquisador relacionado: Marcos Cesar da Rocha Seruffo<\/li>\n\n\n\n<li>Men\u00e7\u00e3o Honrosa de Originalidade da Trilha P\u00f4steres e Demonstra\u00e7\u00f5es do IHC 2024. &#8211; Pesquisador relacionado: Marcos Cesar da Rocha Seruffo<\/li>\n\n\n\n<li>Distin\u00e7\u00e3o fornecida pela Universidade Federal de Sergipe (UFS) pelos servi\u00e7os prestados como avaliador externo do CNPq no Programa PIBIT, 2024. &#8211; Pesquisador relacionado: Marcos Cesar da Rocha Seruffo<\/li>\n\n\n\n<li>Selecionado para o programa Jovem Cientista do Nosso Estado &#8211; FAPERJ. &#8211; Pesquisador relacionado: Rodrigo de Souza Couto<\/li>\n\n\n\n<li>Best Paper Award for \u201cA SDN-Based Approach for Conflicting Energy Profiles on Partially Sustainable IoT Networks\u201d, 2024 IEEE 10th World Forum on Internet of Things (WF-IoT). &#8211; Pesquisador relacionado: Weverton Luis da Costa Cordeiro<\/li>\n<\/ul>\n\n\n\n<h4 class=\"wp-block-heading\">Pr\u00eamios de Tese, Disserta\u00e7\u00e3o e Inicia\u00e7\u00e3o Cient\u00edfica<\/h4>\n\n\n\n<ul class=\"wp-block-list\">\n<li>Tese de Hernani Delgado Chantre: \u201cMEC Placement Problem in Protected 5G Networks\u201d \u2013 Terceira colocada no Concurso CLEI X Latin American Doctoral Thesis Contest, 2024, CLEI. &#8211; Pesquisador relacionado: Nelson Fonseca<\/li>\n\n\n\n<li>Melhor Tese de Doutorado, Concurso de Teses e Disserta\u00e7\u00f5es do Instituto de Computa\u00e7\u00e3o (IC), UNICAMP, 2024. &#8211; Pesquisador relacionado: Joahannes Bruno Dias da Costa<\/li>\n\n\n\n<li>Men\u00e7\u00e3o Honrosa (2\u00ba Melhor Tese) no Pr\u00eamio Tese Destaque Unicamp 2024, UNICAMP. &#8211; Pesquisador relacionado: Joahannes Bruno Dias da Costa<\/li>\n\n\n\n<li>Finalista (Top-3) no Concurso de Teses e Disserta\u00e7\u00f5es em Arquitetura de Computadores e Computa\u00e7\u00e3o de Alto Desempenho (SSCAD-CTD), SBC, 2024. &#8211; Pesquisador relacionado: Joahannes Bruno Dias da Costa<\/li>\n\n\n\n<li>Pr\u00eamio de Tese Destaque (IEEE TCSC Outstanding PhD Dissertation Award) em 2024, IEEE TCSC. &#8211; Pesquisador relacionado: Joahannes Bruno Dias da Costa<\/li>\n\n\n\n<li>Disserta\u00e7\u00e3o de Mestrado de Matheus Moraes Brito selecionada entre as 5 melhores no concurso CTD\/SBRC, 42\u00ba SBRC, SBC e LARC. &#8211; Pesquisador relacionado: Eduardo Coelho Cerqueira, Denis Lima do Ros\u00e1rio<\/li>\n\n\n\n<li>Disserta\u00e7\u00e3o de Mestrado de Matheus Moraes de Brito selecionada entre as 10 melhores no concurso CTD\/CSBC, 44\u00ba CSBC, SBC. &#8211; Pesquisador relacionado: Eduardo Coelho Cerqueira, Denis Lima do Ros\u00e1rio<\/li>\n\n\n\n<li>Segundo Melhor Trabalho IC, Camilo Santos, no Concurso de Trabalhos de Inicia\u00e7\u00e3o Cient\u00edfica (CTIC) da SBC, 44\u00ba CSBC. &#8211; Pesquisador relacionado: Eduardo Coelho Cerqueira, Denis Lima do Ros\u00e1rio<\/li>\n\n\n\n<li>Trabalho IC do Rodrigo Flexa classificado entre os 10 melhores do Concurso de Trabalhos de Inicia\u00e7\u00e3o Cient\u00edfica (CTIC) da SBC, 44\u00ba CSBC. &#8211; Pesquisador relacionado: Eduardo Coelho Cerqueira, Denis Lima do Ros\u00e1rio<\/li>\n\n\n\n<li>Trabalho IC do Camilo Santos classificado entre os 8 melhores Trabalhos do WTG do SBRC, 42\u00ba SBRC, SBC e LARC. &#8211; Pesquisador relacionado: Eduardo Coelho Cerqueira, Denis Lima do Ros\u00e1rio<\/li>\n\n\n\n<li>Primeiro Lugar do Trabalho IC, Rodrigo Flexa, WTG do SBRC, 42\u00ba SBRC, SBC e LARC. &#8211; Pesquisador relacionado: Eduardo Coelho Cerqueira, Denis Lima do Ros\u00e1rio<\/li>\n\n\n\n<li>Trabalho IC do Carlos Rocha recebeu men\u00e7\u00e3o honrosa no WTG do SBRC, 42\u00ba SBRC, SBC e LARC. &#8211; Pesquisador relacionado: Eduardo Coelho Cerqueira, Denis Lima do Ros\u00e1rio<\/li>\n\n\n\n<li>Melhor Tese do Concurso de Teses e Disserta\u00e7\u00f5es em Seguran\u00e7a da Informa\u00e7\u00e3o e Sistemas Computacionais (CTDSeg): \u201cPayment Channel Networks with Resource-constrained Devices\u201d, de Gabriel A. F. Rebello, no SBSeg. &#8211; Pesquisador relacionado: Luis Henrique Maciel Kosmalski Costa<\/li>\n\n\n\n<li>Lucas de Paula Soares \u2013 Melhor Inicia\u00e7\u00e3o Cient\u00edfica do Instituto de Computa\u00e7\u00e3o da Unicamp, 2024. &#8211; Pesquisador relacionado: Luiz Fernando Bittencourt<\/li>\n<\/ul>\n\n\n\n<h4 class=\"wp-block-heading\">Demais Pr\u00eamios<\/h4>\n\n\n\n<ul class=\"wp-block-list\">\n<li>Distinguished Member of INFOCOM 2024 TPC, Technical Program Committee of IEEE INFOCOM 2024 Conference. &#8211; Pesquisador relacionado: Luis Henrique Maciel Kosmalski Costa<\/li>\n\n\n\n<li>Pr\u00eamio Destaque do Simp\u00f3sio Brasileiro de Redes de Computadores (SBRC) 2024, em reconhecimento pelas contribui\u00e7\u00f5es cient\u00edficas e pelos relevantes servi\u00e7os prestados na \u00e1rea de Redes de Computadores, concedido pela SBC. &#8211; Pesquisador relacionado: Antonio Jorge Gomes Abel\u00e9m<\/li>\n\n\n\n<li>1\u00ba Lugar na Hackathon da Solidariedade Clim\u00e1tica, projeto \u201c\u00c9 Verdade Isso?\u201d, SBC, 2024. &#8211; Pesquisador relacionado: Eder John Sheid<\/li>\n\n\n\n<li>Revisor Destaque no XVIII Workshop de Trabalhos de Inicia\u00e7\u00e3o Cient\u00edfica e de Gradua\u00e7\u00e3o (WTICG), SBSeg 2024. &#8211; Pesquisador relacionado: Eder John Sheid<\/li>\n\n\n\n<li>1\u00ba Colocado &#8211; Hacktoon da Solidariedade Clim\u00e1tica (HSClima), SBC, 2024. &#8211; Pesquisador relacionado: Miguel Figueredo Franco<\/li>\n\n\n\n<li>Revisor Destaque &#8211; WTICG 2024, SBC. &#8211; Pesquisador relacionado: Miguel Figueredo Franco<\/li>\n\n\n\n<li>Pr\u00eamio de Reconhecimento Acad\u00eamico Zeferino Vaz, UNICAMP, 2024. &#8211; Pesquisador relacionado: Luiz Fernando Bittencourt<\/li>\n<\/ul>\n","protected":false},"excerpt":{"rendered":"<p>2025 Premia\u00e7\u00e3o de Artigos Pr\u00eamios de Tese, Disserta\u00e7\u00e3o e Inicia\u00e7\u00e3o Cient\u00edfica Demais Pr\u00eamios 2024 Premia\u00e7\u00e3o de Artigos Pr\u00eamios de Tese, Disserta\u00e7\u00e3o e Inicia\u00e7\u00e3o Cient\u00edfica Demais Pr\u00eamios<\/p>\n","protected":false},"author":1,"featured_media":0,"parent":0,"menu_order":0,"comment_status":"closed","ping_status":"closed","template":"","meta":{"_kadence_starter_templates_imported_post":false,"_kad_post_transparent":"","_kad_post_title":"","_kad_post_layout":"","_kad_post_sidebar_id":"","_kad_post_content_style":"","_kad_post_vertical_padding":"","_kad_post_feature":"","_kad_post_feature_position":"","_kad_post_header":false,"_kad_post_footer":false,"footnotes":""},"class_list":["post-140","page","type-page","status-publish","hentry"],"_links":{"self":[{"href":"https:\/\/idric.ic.unicamp.br\/index.php\/wp-json\/wp\/v2\/pages\/140","targetHints":{"allow":["GET"]}}],"collection":[{"href":"https:\/\/idric.ic.unicamp.br\/index.php\/wp-json\/wp\/v2\/pages"}],"about":[{"href":"https:\/\/idric.ic.unicamp.br\/index.php\/wp-json\/wp\/v2\/types\/page"}],"author":[{"embeddable":true,"href":"https:\/\/idric.ic.unicamp.br\/index.php\/wp-json\/wp\/v2\/users\/1"}],"replies":[{"embeddable":true,"href":"https:\/\/idric.ic.unicamp.br\/index.php\/wp-json\/wp\/v2\/comments?post=140"}],"version-history":[{"count":5,"href":"https:\/\/idric.ic.unicamp.br\/index.php\/wp-json\/wp\/v2\/pages\/140\/revisions"}],"predecessor-version":[{"id":177,"href":"https:\/\/idric.ic.unicamp.br\/index.php\/wp-json\/wp\/v2\/pages\/140\/revisions\/177"}],"wp:attachment":[{"href":"https:\/\/idric.ic.unicamp.br\/index.php\/wp-json\/wp\/v2\/media?parent=140"}],"curies":[{"name":"wp","href":"https:\/\/api.w.org\/{rel}","templated":true}]}}